{"id":9,"date":"2018-11-27T09:16:54","date_gmt":"2018-11-27T09:16:54","guid":{"rendered":"https:\/\/websitedemos.net\/discover-outdoors\/?page_id=4"},"modified":"2025-01-12T01:40:35","modified_gmt":"2025-01-12T09:40:35","slug":"home","status":"publish","type":"page","link":"https:\/\/www.almempire.com\/es\/","title":{"rendered":"Inicio"},"content":{"rendered":"<h1>Tu perteneces aqu\u00ed<\/h1>\n<h4>&#8220;Three things will last forever\u2014faith, hope, and love\u2014and the greatest of these is love.&#8221;<br \/>1 Corintios 13:13<\/h4>\n<h2>\n\t\t\t\t\t\tAlivio para los refugiados ucranianos\t\t\t\t\t<\/h2>\n<p>\t\t\t\t\t\tAy\u00fadanos a responder a la crisis de los refugiados ucranianos<br \/>\n\t\t\t\t\t<a href=\"https:\/\/www.classy.org\/campaign\/relief-for-ukrainian-refugees\/c395146\"><br \/>\n\t\t\t\t\t\tHacer clic\t\t\t\t\t<\/a><\/p>\n<h2>\n\t\t\t\t\t\t\u00a1Aprende m\u00e1s sobre los grupos celulares!\t\t\t\t\t<\/h2>\n<p>\t\t\t\t\t<a href=\"https:\/\/www.almempire.com\/es\/friendship-groups\/\"><br \/>\n\t\t\t\t\t\tHacer clic\t\t\t\t\t<\/a><br \/>\n\t\t\t\t\t\t\t\t\t\t\t\t\t\t\t<img loading=\"lazy\" decoding=\"async\" width=\"200\" height=\"154\" src=\"https:\/\/www.almempire.com\/wp-content\/uploads\/2019\/04\/quote-1.png\" alt=\"\" \/>\t\t\t\t\t\t\t\t\t\t\t\t\t\t\t<\/p>\n<p>&#8220;<strong>El que no ama, no ha conocido a Dios; porque Dios es amor.<\/strong>.&#8221;<\/p>\n<p>\u2013 1 Juan 4:8<\/p>\n<p>\t\t\t\t\t\t\t\t\t\t\t\t\t\t\t<img loading=\"lazy\" decoding=\"async\" width=\"200\" height=\"154\" src=\"https:\/\/www.almempire.com\/wp-content\/uploads\/2020\/03\/quote-2.png\" alt=\"\" \/>\t\t\t\t\t\t\t\t\t\t\t\t\t\t\t<\/p>\n<h2>Estudios B\u00edblicos<\/h2>\n<h5>Nuestros estudios b\u00edblicos en persona se posponen debido a Covid-19. Reanudaremos nuestras reuniones en Zoom pronto. Mant\u00e9ngase atento para m\u00e1s noticias !!<\/h5>\n<h5>ESTUDIO B\u00cdBLICO DEL mi\u00e9rcoles POR LA NOCHE<\/h5>\n<p>Mi\u00e9rcoles por la noche es nuestra noche de estudio b\u00edblico ingl\u00e9s.  Ven y \u00fanete a nosotros para pasar un buen rato con la comuni\u00f3n y conocer a Dios!!<\/p>\n<h5>estudio b\u00edblico del viernes por la noche<\/h5>\n<p>Unirse a nuestros miembros espa\u00f1oles en nuestro Estudio B\u00edblico del Viernes por la Noche. \u00a1Disfruta de una comuni\u00f3n sana y escucha fant\u00e1sticas lecciones sobre Dios!<\/p>\n<p>\t\t\t\t\t\t\t\t\t\t\t\t\t\t\t<img loading=\"lazy\" decoding=\"async\" width=\"1024\" height=\"682\" src=\"https:\/\/www.almempire.com\/wp-content\/uploads\/2020\/03\/08_group-Bible-study-1024x682.jpg\" alt=\"\" srcset=\"https:\/\/www.almempire.com\/wp-content\/uploads\/2020\/03\/08_group-Bible-study-1024x682.jpg 1024w, https:\/\/www.almempire.com\/wp-content\/uploads\/2020\/03\/08_group-Bible-study-300x200.jpg 300w, https:\/\/www.almempire.com\/wp-content\/uploads\/2020\/03\/08_group-Bible-study-768x512.jpg 768w, https:\/\/www.almempire.com\/wp-content\/uploads\/2020\/03\/08_group-Bible-study-391x260.jpg 391w, https:\/\/www.almempire.com\/wp-content\/uploads\/2020\/03\/08_group-Bible-study-1536x1024.jpg 1536w, https:\/\/www.almempire.com\/wp-content\/uploads\/2020\/03\/08_group-Bible-study.jpg 1697w\" sizes=\"auto, (max-width: 1024px) 100vw, 1024px\" \/>\t\t\t\t\t\t\t\t\t\t\t\t\t\t\t<\/p>\n<h1>Vea lo que Cristo tiene para ustedes<\/h1>\n<p>Cristo nos ofrece esperanza. Esperanza de una nueva vida eterna. Esperanza de no sufrir m\u00e1s. Esperanza de no m\u00e1s duda. Esperanza de un mundo mejor. Jesucristo puede cambiar tu vida para mejor y todo lo que necesitas hacer es venir y escuchar Su mensaje.<\/p>","protected":false},"excerpt":{"rendered":"<p>You Belong Here &#8220;Three things will last forever\u2014faith, hope, and love\u2014and the greatest of these is love.&#8221;1 Corinthians 13:13 Relief for Ukrainian Refugees Help us respond to the Ukrainian Refugee Crisis Click Here Learn More About Cell Groups! Click Here &#8220;Anyone who does not love does not know God, because God is love.&#8221; &#8211; 1 [&hellip;]<\/p>\n","protected":false},"author":1,"featured_media":0,"parent":0,"menu_order":0,"comment_status":"closed","ping_status":"closed","template":"","meta":{"_uag_custom_page_level_css":"","site-sidebar-layout":"no-sidebar","site-content-layout":"page-builder","ast-site-content-layout":"","site-content-style":"default","site-sidebar-style":"default","ast-global-header-display":"","ast-banner-title-visibility":"","ast-main-header-display":"","ast-hfb-above-header-display":"","ast-hfb-below-header-display":"","ast-hfb-mobile-header-display":"","site-post-title":"disabled","ast-breadcrumbs-content":"","ast-featured-img":"disabled","footer-sml-layout":"","theme-transparent-header-meta":"enabled","adv-header-id-meta":"","stick-header-meta":"","header-above-stick-meta":"","header-main-stick-meta":"","header-below-stick-meta":"","astra-migrate-meta-layouts":"default","ast-page-background-enabled":"default","ast-page-background-meta":{"desktop":{"background-color":"","background-image":"","background-repeat":"repeat","background-position":"center center","background-size":"auto","background-attachment":"scroll","background-type":"","background-media":"","overlay-type":"","overlay-color":"","overlay-opacity":"","overlay-gradient":""},"tablet":{"background-color":"","background-image":"","background-repeat":"repeat","background-position":"center center","background-size":"auto","background-attachment":"scroll","background-type":"","background-media":"","overlay-type":"","overlay-color":"","overlay-opacity":"","overlay-gradient":""},"mobile":{"background-color":"","background-image":"","background-repeat":"repeat","background-position":"center center","background-size":"auto","background-attachment":"scroll","background-type":"","background-media":"","overlay-type":"","overlay-color":"","overlay-opacity":"","overlay-gradient":""}},"ast-content-background-meta":{"desktop":{"background-color":"var(--ast-global-color-5)","background-image":"","background-repeat":"repeat","background-position":"center center","background-size":"auto","background-attachment":"scroll","background-type":"","background-media":"","overlay-type":"","overlay-color":"","overlay-opacity":"","overlay-gradient":""},"tablet":{"background-color":"var(--ast-global-color-5)","background-image":"","background-repeat":"repeat","background-position":"center center","background-size":"auto","background-attachment":"scroll","background-type":"","background-media":"","overlay-type":"","overlay-color":"","overlay-opacity":"","overlay-gradient":""},"mobile":{"background-color":"var(--ast-global-color-5)","background-image":"","background-repeat":"repeat","background-position":"center center","background-size":"auto","background-attachment":"scroll","background-type":"","background-media":"","overlay-type":"","overlay-color":"","overlay-opacity":"","overlay-gradient":""}},"footnotes":""},"class_list":["post-9","page","type-page","status-publish","hentry"],"uagb_featured_image_src":{"full":false,"thumbnail":false,"medium":false,"medium_large":false,"large":false,"1536x1536":false,"2048x2048":false,"trp-custom-language-flag":false},"uagb_author_info":{"display_name":"kidbarron","author_link":"https:\/\/www.almempire.com\/es\/author\/almempire_lyew28\/"},"uagb_comment_info":0,"uagb_excerpt":"You Belong Here &#8220;Three things will last forever\u2014faith, hope, and love\u2014and the greatest of these is love.&#8221;1 Corinthians 13:13 Relief for Ukrainian Refugees Help us respond to the Ukrainian Refugee Crisis Click Here Learn More About Cell Groups! Click Here &#8220;Anyone who does not love does not know God, because God is love.&#8221; &#8211; 1&hellip;","_links":{"self":[{"href":"https:\/\/www.almempire.com\/es\/wp-json\/wp\/v2\/pages\/9","targetHints":{"allow":["GET"]}}],"collection":[{"href":"https:\/\/www.almempire.com\/es\/wp-json\/wp\/v2\/pages"}],"about":[{"href":"https:\/\/www.almempire.com\/es\/wp-json\/wp\/v2\/types\/page"}],"author":[{"embeddable":true,"href":"https:\/\/www.almempire.com\/es\/wp-json\/wp\/v2\/users\/1"}],"replies":[{"embeddable":true,"href":"https:\/\/www.almempire.com\/es\/wp-json\/wp\/v2\/comments?post=9"}],"version-history":[{"count":6,"href":"https:\/\/www.almempire.com\/es\/wp-json\/wp\/v2\/pages\/9\/revisions"}],"predecessor-version":[{"id":1582,"href":"https:\/\/www.almempire.com\/es\/wp-json\/wp\/v2\/pages\/9\/revisions\/1582"}],"wp:attachment":[{"href":"https:\/\/www.almempire.com\/es\/wp-json\/wp\/v2\/media?parent=9"}],"curies":[{"name":"wp","href":"https:\/\/api.w.org\/{rel}","templated":true}]}}